{"id":2,"date":"2025-11-07T13:39:32","date_gmt":"2025-11-07T12:39:32","guid":{"rendered":"https:\/\/ime.landtechnik.info\/pizzaofen\/?page_id=2"},"modified":"2025-12-23T12:26:30","modified_gmt":"2025-12-23T11:26:30","slug":"beispiel-seite","status":"publish","type":"page","link":"https:\/\/ime.landtechnik.info\/pizzaofen\/beispiel-seite\/","title":{"rendered":"Pizzabacken mit Pizzaofen"},"content":{"rendered":"<p>Dies ist eine Beispiel-Seite. Sie unterscheidet sich von Beitr\u00e4gen, da sie stets an derselben Stelle bleibt und (bei den meisten Themes) in der Website-Navigation angezeigt wird. Die meisten starten mit einem Impressum, der Datenschutzerkl\u00e4rung oder einer \u201e\u00dcber&nbsp;uns\u201c-Seite, um sich potenziellen Besuchern der Website vorzustellen. Dort k\u00f6nnte zum Beispiel stehen:<\/p>\n<p>\u2026&nbsp;oder so etwas wie:<\/p>\n<p>Als neuer WordPress-Benutzer solltest du <a href=\"https:\/\/ime.landtechnik.info\/pizzaofen\/wp-admin\/\">dein Dashboard<\/a> aufrufen, um diese Seite zu l\u00f6schen und neue Seiten und Beitr\u00e4ge f\u00fcr deine Website erstellen. Viel Spa\u00df!<\/p>\n","protected":false},"excerpt":{"rendered":"","protected":false},"author":1,"featured_media":0,"parent":0,"menu_order":0,"comment_status":"closed","ping_status":"open","template":"","meta":{"footnotes":""},"class_list":["post-2","page","type-page","status-publish","hentry"],"_links":{"self":[{"href":"https:\/\/ime.landtechnik.info\/pizzaofen\/wp-json\/wp\/v2\/pages\/2","targetHints":{"allow":["GET"]}}],"collection":[{"href":"https:\/\/ime.landtechnik.info\/pizzaofen\/wp-json\/wp\/v2\/pages"}],"about":[{"href":"https:\/\/ime.landtechnik.info\/pizzaofen\/wp-json\/wp\/v2\/types\/page"}],"author":[{"embeddable":true,"href":"https:\/\/ime.landtechnik.info\/pizzaofen\/wp-json\/wp\/v2\/users\/1"}],"replies":[{"embeddable":true,"href":"https:\/\/ime.landtechnik.info\/pizzaofen\/wp-json\/wp\/v2\/comments?post=2"}],"version-history":[{"count":1,"href":"https:\/\/ime.landtechnik.info\/pizzaofen\/wp-json\/wp\/v2\/pages\/2\/revisions"}],"predecessor-version":[{"id":23,"href":"https:\/\/ime.landtechnik.info\/pizzaofen\/wp-json\/wp\/v2\/pages\/2\/revisions\/23"}],"wp:attachment":[{"href":"https:\/\/ime.landtechnik.info\/pizzaofen\/wp-json\/wp\/v2\/media?parent=2"}],"curies":[{"name":"wp","href":"https:\/\/api.w.org\/{rel}","templated":true}]}}