{"id":79,"date":"2026-01-07T11:04:04","date_gmt":"2026-01-07T10:04:04","guid":{"rendered":"https:\/\/ime.landtechnik.info\/brotbackofen\/?post_type=product&#038;p=79"},"modified":"2026-04-13T11:24:34","modified_gmt":"2026-04-13T09:24:34","slug":"ime-brotbackofen-maxxi-9","status":"publish","type":"product","link":"https:\/\/ime.landtechnik.info\/brotbackofen\/produkt\/ime-brotbackofen-maxxi-9\/","title":{"rendered":"IME Brotbackofen Maxxi 9"},"content":{"rendered":"<p>Ein vollwertiger Brotbackofen in riesiger\u00a0Gr\u00f6\u00dfe\u00a0mit Speicherw\u00e4rme, zum Backen, Braten und allen Funktionen, wie Sie es von einem IME gewohnt sind.\u00a0Aber: eine gro\u00dfe T\u00fcre und riesige Backfl\u00e4che!<br \/>\nBis zu 32 kg Brot pro Backgang sind m\u00f6glich &#8211; 9 gro\u00dfe Laib auf einen Streich!<\/p>\n<ul>\n<li>Vollschamottierung mit\u00a0integrierter IME Heiztechnik<\/li>\n<li>Vernat Isolierung<\/li>\n<li>3-fache T\u00fcrverglasung<\/li>\n<li>Backbleche einschiebbar<\/li>\n<li>zuschaltbarer Hitzeverteiler<\/li>\n<li>Temperatur bis 300\u00b0 C<\/li>\n<\/ul>\n","protected":false},"excerpt":{"rendered":"<p><b>Der Riese von IME!<\/b><\/p>\n<p>Der INO nun auch im breiten Format: die Serie Maxxi.<\/p>\n","protected":false},"featured_media":112,"comment_status":"closed","ping_status":"closed","template":"","meta":[],"product_brand":[],"product_cat":[71,74],"product_tag":[],"class_list":{"0":"post-79","1":"product","2":"type-product","3":"status-publish","4":"has-post-thumbnail","6":"product_cat-ime-brotbackoefen","7":"product_cat-maxxi","9":"first","10":"instock","11":"taxable","12":"shipping-taxable","13":"purchasable","14":"product-type-simple"},"_links":{"self":[{"href":"https:\/\/ime.landtechnik.info\/brotbackofen\/wp-json\/wp\/v2\/product\/79","targetHints":{"allow":["GET"]}}],"collection":[{"href":"https:\/\/ime.landtechnik.info\/brotbackofen\/wp-json\/wp\/v2\/product"}],"about":[{"href":"https:\/\/ime.landtechnik.info\/brotbackofen\/wp-json\/wp\/v2\/types\/product"}],"replies":[{"embeddable":true,"href":"https:\/\/ime.landtechnik.info\/brotbackofen\/wp-json\/wp\/v2\/comments?post=79"}],"wp:featuredmedia":[{"embeddable":true,"href":"https:\/\/ime.landtechnik.info\/brotbackofen\/wp-json\/wp\/v2\/media\/112"}],"wp:attachment":[{"href":"https:\/\/ime.landtechnik.info\/brotbackofen\/wp-json\/wp\/v2\/media?parent=79"}],"wp:term":[{"taxonomy":"product_brand","embeddable":true,"href":"https:\/\/ime.landtechnik.info\/brotbackofen\/wp-json\/wp\/v2\/product_brand?post=79"},{"taxonomy":"product_cat","embeddable":true,"href":"https:\/\/ime.landtechnik.info\/brotbackofen\/wp-json\/wp\/v2\/product_cat?post=79"},{"taxonomy":"product_tag","embeddable":true,"href":"https:\/\/ime.landtechnik.info\/brotbackofen\/wp-json\/wp\/v2\/product_tag?post=79"}],"curies":[{"name":"wp","href":"https:\/\/api.w.org\/{rel}","templated":true}]}}