{"id":73,"date":"2026-01-07T11:04:03","date_gmt":"2026-01-07T10:04:03","guid":{"rendered":"https:\/\/ime.landtechnik.info\/brotbackofen\/?post_type=product&#038;p=73"},"modified":"2026-04-13T11:11:12","modified_gmt":"2026-04-13T09:11:12","slug":"ime-brotbackofen-ino-2000-10","status":"publish","type":"product","link":"https:\/\/ime.landtechnik.info\/brotbackofen\/produkt\/ime-brotbackofen-ino-2000-10\/","title":{"rendered":"IME Brotbackofen INO 2000\/10"},"content":{"rendered":"<p>Bis zu 10 Laibe auf einen Streich. Die gro\u00dfe Backfl\u00e4che von 70 x 175 cm ergibt bis zu 35 kg Brot pro Backgang. F\u00fcr gewerbliche Gro\u00dfvermarkter, die keine mehretagigen Ausf\u00fchrungen der kleineren Modelle wollen. Das MaxiModell mit besonderen Aufstellungsbedingungen.<\/p>\n<p>Der Backraum ist vollst\u00e4ndig mit<b>\u00a0hochwertiger Schamotte<\/b>\u00a0ausgekleidet und mit Innenbeleuchtung ausgestattet. Die\u00a0<b>3-fach Thermoverglasung<\/b>\u00a0und das Geh\u00e4use aus hochwertigem Email und Edelstahl garantieren Langlebigkeit und beste Energieausnutzung.<\/p>\n<ul>\n<li>Vollschamottierung mit\u00a0integrierter IME Heiztechnik<\/li>\n<li>Vernat Isolierung<\/li>\n<li>3-fache T\u00fcrverglasung<\/li>\n<li>Backbleche einschiebbar<\/li>\n<li>zuschaltbarer Hitzeverteiler<\/li>\n<li>Temperatur bis 300\u00b0 C<\/li>\n<\/ul>\n","protected":false},"excerpt":{"rendered":"<p>Der Seltene<\/p>\n","protected":false},"featured_media":112,"comment_status":"closed","ping_status":"closed","template":"","meta":[],"product_brand":[],"product_cat":[71,73],"product_tag":[],"class_list":{"0":"post-73","1":"product","2":"type-product","3":"status-publish","4":"has-post-thumbnail","6":"product_cat-ime-brotbackoefen","7":"product_cat-ino-2000","9":"first","10":"instock","11":"taxable","12":"shipping-taxable","13":"purchasable","14":"product-type-simple"},"_links":{"self":[{"href":"https:\/\/ime.landtechnik.info\/brotbackofen\/wp-json\/wp\/v2\/product\/73","targetHints":{"allow":["GET"]}}],"collection":[{"href":"https:\/\/ime.landtechnik.info\/brotbackofen\/wp-json\/wp\/v2\/product"}],"about":[{"href":"https:\/\/ime.landtechnik.info\/brotbackofen\/wp-json\/wp\/v2\/types\/product"}],"replies":[{"embeddable":true,"href":"https:\/\/ime.landtechnik.info\/brotbackofen\/wp-json\/wp\/v2\/comments?post=73"}],"wp:featuredmedia":[{"embeddable":true,"href":"https:\/\/ime.landtechnik.info\/brotbackofen\/wp-json\/wp\/v2\/media\/112"}],"wp:attachment":[{"href":"https:\/\/ime.landtechnik.info\/brotbackofen\/wp-json\/wp\/v2\/media?parent=73"}],"wp:term":[{"taxonomy":"product_brand","embeddable":true,"href":"https:\/\/ime.landtechnik.info\/brotbackofen\/wp-json\/wp\/v2\/product_brand?post=73"},{"taxonomy":"product_cat","embeddable":true,"href":"https:\/\/ime.landtechnik.info\/brotbackofen\/wp-json\/wp\/v2\/product_cat?post=73"},{"taxonomy":"product_tag","embeddable":true,"href":"https:\/\/ime.landtechnik.info\/brotbackofen\/wp-json\/wp\/v2\/product_tag?post=73"}],"curies":[{"name":"wp","href":"https:\/\/api.w.org\/{rel}","templated":true}]}}