{"id":66,"date":"2026-01-07T11:04:03","date_gmt":"2026-01-07T10:04:03","guid":{"rendered":"https:\/\/ime.landtechnik.info\/brotbackofen\/?post_type=product&#038;p=66"},"modified":"2026-04-13T12:24:21","modified_gmt":"2026-04-13T10:24:21","slug":"ime-brotbackofen-maxxi-6","status":"publish","type":"product","link":"https:\/\/ime.landtechnik.info\/brotbackofen\/produkt\/ime-brotbackofen-maxxi-6\/","title":{"rendered":"IME Brotbackofen MAXXI 6"},"content":{"rendered":"<p>Ein vollwertiger Brotbackofen in der Gr\u00f6\u00dfe des INO 2000\/6 mit Speicherw\u00e4rme, zum Backen, Braten und allen Funktionen, wie Sie es von einem IME gewohnt sind.\u00a0Aber: die T\u00fcre ist auf der breiten Seite!<br \/>\nSie sparen Platz in der Tiefe und k\u00f6nnen doch 6 gro\u00dfe Laib gleichzeitig einschie\u00dfen.<\/p>\n<ul>\n<li>Vollschamottierung mit integrierter IME Heiztechnik<\/li>\n<li>Vernat Isolierung<\/li>\n<li>3-fache T\u00fcrverglasung<\/li>\n<li>Backbleche einschiebbar<\/li>\n<li>zuschaltbarer Hitzeverteiler<\/li>\n<li>Temperatur bis 300\u00b0 C<\/li>\n<\/ul>\n","protected":false},"excerpt":{"rendered":"<p><b>Der Breite von IME!<\/b><\/p>\n<p>Der INO nun auch im breiten Format: die Serie Maxxi.<\/p>\n","protected":false},"featured_media":112,"comment_status":"closed","ping_status":"closed","template":"","meta":[],"product_brand":[],"product_cat":[71,74],"product_tag":[],"class_list":{"0":"post-66","1":"product","2":"type-product","3":"status-publish","4":"has-post-thumbnail","6":"product_cat-ime-brotbackoefen","7":"product_cat-maxxi","9":"first","10":"instock","11":"taxable","12":"shipping-taxable","13":"purchasable","14":"product-type-simple"},"_links":{"self":[{"href":"https:\/\/ime.landtechnik.info\/brotbackofen\/wp-json\/wp\/v2\/product\/66","targetHints":{"allow":["GET"]}}],"collection":[{"href":"https:\/\/ime.landtechnik.info\/brotbackofen\/wp-json\/wp\/v2\/product"}],"about":[{"href":"https:\/\/ime.landtechnik.info\/brotbackofen\/wp-json\/wp\/v2\/types\/product"}],"replies":[{"embeddable":true,"href":"https:\/\/ime.landtechnik.info\/brotbackofen\/wp-json\/wp\/v2\/comments?post=66"}],"wp:featuredmedia":[{"embeddable":true,"href":"https:\/\/ime.landtechnik.info\/brotbackofen\/wp-json\/wp\/v2\/media\/112"}],"wp:attachment":[{"href":"https:\/\/ime.landtechnik.info\/brotbackofen\/wp-json\/wp\/v2\/media?parent=66"}],"wp:term":[{"taxonomy":"product_brand","embeddable":true,"href":"https:\/\/ime.landtechnik.info\/brotbackofen\/wp-json\/wp\/v2\/product_brand?post=66"},{"taxonomy":"product_cat","embeddable":true,"href":"https:\/\/ime.landtechnik.info\/brotbackofen\/wp-json\/wp\/v2\/product_cat?post=66"},{"taxonomy":"product_tag","embeddable":true,"href":"https:\/\/ime.landtechnik.info\/brotbackofen\/wp-json\/wp\/v2\/product_tag?post=66"}],"curies":[{"name":"wp","href":"https:\/\/api.w.org\/{rel}","templated":true}]}}