{"id":47,"date":"2026-01-07T11:04:01","date_gmt":"2026-01-07T10:04:01","guid":{"rendered":"https:\/\/ime.landtechnik.info\/brotbackofen\/?post_type=product&#038;p=47"},"modified":"2026-04-13T12:25:52","modified_gmt":"2026-04-13T10:25:52","slug":"untergestell-standard-hoehe-700-mm-fuer-ino2-vario2-tbo2","status":"publish","type":"product","link":"https:\/\/ime.landtechnik.info\/brotbackofen\/produkt\/untergestell-standard-hoehe-700-mm-fuer-ino2-vario2-tbo2\/","title":{"rendered":"Untergestell Standard H\u00f6he 700 mm"},"content":{"rendered":"<p>Das pulverbeschichtete Untergestell wird zerlegt geliefert und ist einfach zusammenzubauen. Die Bauh\u00f6he von 70 cm und die gepr\u00fcfte Statik erlauben es bis zu drei \u00d6fen \u00fcbereinander zu stellen.<\/p>\n","protected":false},"excerpt":{"rendered":"<p>Das pulverbeschichtete Untergestell wird zerlegt geliefert und ist einfach zusammenzubauen. Die Bauh\u00f6he von 70 cm und die gepr\u00fcfte Statik erlauben es bis zu drei \u00d6fen \u00fcbereinander zu stellen.<\/p>\n","protected":false},"featured_media":6063,"comment_status":"closed","ping_status":"closed","template":"","meta":[],"product_brand":[],"product_cat":[41,35],"product_tag":[],"class_list":{"0":"post-47","1":"product","2":"type-product","3":"status-publish","4":"has-post-thumbnail","6":"product_cat-untergestelle","7":"product_cat-zubehoer","9":"first","10":"instock","11":"taxable","12":"shipping-taxable","13":"purchasable","14":"product-type-variable"},"_links":{"self":[{"href":"https:\/\/ime.landtechnik.info\/brotbackofen\/wp-json\/wp\/v2\/product\/47","targetHints":{"allow":["GET"]}}],"collection":[{"href":"https:\/\/ime.landtechnik.info\/brotbackofen\/wp-json\/wp\/v2\/product"}],"about":[{"href":"https:\/\/ime.landtechnik.info\/brotbackofen\/wp-json\/wp\/v2\/types\/product"}],"replies":[{"embeddable":true,"href":"https:\/\/ime.landtechnik.info\/brotbackofen\/wp-json\/wp\/v2\/comments?post=47"}],"wp:featuredmedia":[{"embeddable":true,"href":"https:\/\/ime.landtechnik.info\/brotbackofen\/wp-json\/wp\/v2\/media\/6063"}],"wp:attachment":[{"href":"https:\/\/ime.landtechnik.info\/brotbackofen\/wp-json\/wp\/v2\/media?parent=47"}],"wp:term":[{"taxonomy":"product_brand","embeddable":true,"href":"https:\/\/ime.landtechnik.info\/brotbackofen\/wp-json\/wp\/v2\/product_brand?post=47"},{"taxonomy":"product_cat","embeddable":true,"href":"https:\/\/ime.landtechnik.info\/brotbackofen\/wp-json\/wp\/v2\/product_cat?post=47"},{"taxonomy":"product_tag","embeddable":true,"href":"https:\/\/ime.landtechnik.info\/brotbackofen\/wp-json\/wp\/v2\/product_tag?post=47"}],"curies":[{"name":"wp","href":"https:\/\/api.w.org\/{rel}","templated":true}]}}