{"id":46,"date":"2026-01-07T11:04:00","date_gmt":"2026-01-07T10:04:00","guid":{"rendered":"https:\/\/ime.landtechnik.info\/brotbackofen\/?post_type=product&#038;p=46"},"modified":"2026-04-13T12:26:39","modified_gmt":"2026-04-13T10:26:39","slug":"untergestell-set-fuer-ino2-vario2-tbo2","status":"publish","type":"product","link":"https:\/\/ime.landtechnik.info\/brotbackofen\/produkt\/untergestell-set-fuer-ino2-vario2-tbo2\/","title":{"rendered":"Untergestell Set"},"content":{"rendered":"<p>Das praktische und formsch\u00f6ne Untergestell im Baukastensystem. Durch die optimalen Auflage punkte beste Statikwerte f\u00fcr Ihren IME Ofen. Jederzeit mit Zwischenfach und H\u00f6henverstellung erweiterbar und somit h\u00f6chst flexibel. Noch komfortabler mit der richtigen H\u00f6he zum Einschie\u00dfen des Brotes. Ihr Ofenuntergestell ausger\u00fcstet mit der h\u00f6henverstellbaren Verl\u00e4ngerung und praktischem Zwischenfach garantieren ein ergonomisch g\u00fcnstiges Arbeiten und zus\u00e4tzliche Ablagem\u00f6glichkeit f\u00fcr Ihre Zutaten und Werkzeuge.<\/p>\n","protected":false},"excerpt":{"rendered":"<p>Das praktische und formsch\u00f6ne Untergestell im Baukastensystem. Durch die optimalen Auflage punkte beste Statikwerte f\u00fcr Ihren IME Ofen. Jederzeit mit Zwischenfach und H\u00f6henverstellung erweiterbar und somit h\u00f6chst flexibel. Noch komfortabler mit der richtigen H\u00f6he zum Einschie\u00dfen des Brotes. Ihr Ofenuntergestell ausger\u00fcstet mit der h\u00f6henverstellbaren Verl\u00e4ngerung und praktischem Zwischenfach garantieren ein ergonomisch g\u00fcnstiges Arbeiten und zus\u00e4tzliche [&hellip;]<\/p>\n","protected":false},"featured_media":6066,"comment_status":"closed","ping_status":"closed","template":"","meta":[],"product_brand":[],"product_cat":[41,35],"product_tag":[],"class_list":{"0":"post-46","1":"product","2":"type-product","3":"status-publish","4":"has-post-thumbnail","6":"product_cat-untergestelle","7":"product_cat-zubehoer","9":"first","10":"instock","11":"taxable","12":"shipping-taxable","13":"purchasable","14":"product-type-variable"},"_links":{"self":[{"href":"https:\/\/ime.landtechnik.info\/brotbackofen\/wp-json\/wp\/v2\/product\/46","targetHints":{"allow":["GET"]}}],"collection":[{"href":"https:\/\/ime.landtechnik.info\/brotbackofen\/wp-json\/wp\/v2\/product"}],"about":[{"href":"https:\/\/ime.landtechnik.info\/brotbackofen\/wp-json\/wp\/v2\/types\/product"}],"replies":[{"embeddable":true,"href":"https:\/\/ime.landtechnik.info\/brotbackofen\/wp-json\/wp\/v2\/comments?post=46"}],"wp:featuredmedia":[{"embeddable":true,"href":"https:\/\/ime.landtechnik.info\/brotbackofen\/wp-json\/wp\/v2\/media\/6066"}],"wp:attachment":[{"href":"https:\/\/ime.landtechnik.info\/brotbackofen\/wp-json\/wp\/v2\/media?parent=46"}],"wp:term":[{"taxonomy":"product_brand","embeddable":true,"href":"https:\/\/ime.landtechnik.info\/brotbackofen\/wp-json\/wp\/v2\/product_brand?post=46"},{"taxonomy":"product_cat","embeddable":true,"href":"https:\/\/ime.landtechnik.info\/brotbackofen\/wp-json\/wp\/v2\/product_cat?post=46"},{"taxonomy":"product_tag","embeddable":true,"href":"https:\/\/ime.landtechnik.info\/brotbackofen\/wp-json\/wp\/v2\/product_tag?post=46"}],"curies":[{"name":"wp","href":"https:\/\/api.w.org\/{rel}","templated":true}]}}