{"id":45,"date":"2026-01-07T11:03:59","date_gmt":"2026-01-07T10:03:59","guid":{"rendered":"https:\/\/ime.landtechnik.info\/brotbackofen\/?post_type=product&#038;p=45"},"modified":"2026-04-13T12:24:46","modified_gmt":"2026-04-13T10:24:46","slug":"edelstahlunterschrank-fuer-ino2-vario2-tbo2","status":"publish","type":"product","link":"https:\/\/ime.landtechnik.info\/brotbackofen\/produkt\/edelstahlunterschrank-fuer-ino2-vario2-tbo2\/","title":{"rendered":"Edelstahlunterschrank"},"content":{"rendered":"<p>Hygienisch, praktisch sauber: der ideale Unterbau f\u00fcr Ihren IME Brotback- ofen (bis zu 3 Etagen) mit Zwischenfach, so\u00a0 haben Sie gro\u00dfen Stauraum und alle Ihre Werkzeuge und Zutaten jederzeit griffbereit.\u00a0 \u00c4u\u00dferst stabile Konstruktion aus Formrohren und hochwertigem Edelstahl CrNi 18\/10.\u00a0 Mit Edelstahlfl\u00fcgelt\u00fcren. H\u00f6he 100 cm.<\/p>\n<p>Der ideale Unterbau damit der Platz optimal\u00a0 gen\u00fctzt werden kann. Zubeh\u00f6r kann darin einfach verstaut werden. Die Anfertigung des\u00a0 Untergestells kann auch mit Einsch\u00fcben f\u00fcr Backbleche GN 1\/1 oder 60&#215;80 cm bzw.\u00a0 40&#215;60 cm erfolgen.<\/p>\n<p>&nbsp;<\/p>\n<p>Achtung! Bitte pr\u00fcfen Sie vor\u00a0 Bestellung, ob diese Schr\u00e4nke bei Ihnen durch die T\u00fcren passen. Die Schr\u00e4nke sind nicht\u00a0 zerlegbar, k\u00f6nnen aber auf Wunsch kleiner gefertigt werden.<\/p>\n","protected":false},"excerpt":{"rendered":"<p>Unterschrank f\u00fcr Ihren Ofen aus Edelstahl<\/p>\n","protected":false},"featured_media":6061,"comment_status":"closed","ping_status":"closed","template":"","meta":[],"product_brand":[],"product_cat":[41,35],"product_tag":[],"class_list":{"0":"post-45","1":"product","2":"type-product","3":"status-publish","4":"has-post-thumbnail","6":"product_cat-untergestelle","7":"product_cat-zubehoer","9":"first","10":"instock","11":"taxable","12":"shipping-taxable","13":"purchasable","14":"product-type-variable"},"_links":{"self":[{"href":"https:\/\/ime.landtechnik.info\/brotbackofen\/wp-json\/wp\/v2\/product\/45","targetHints":{"allow":["GET"]}}],"collection":[{"href":"https:\/\/ime.landtechnik.info\/brotbackofen\/wp-json\/wp\/v2\/product"}],"about":[{"href":"https:\/\/ime.landtechnik.info\/brotbackofen\/wp-json\/wp\/v2\/types\/product"}],"replies":[{"embeddable":true,"href":"https:\/\/ime.landtechnik.info\/brotbackofen\/wp-json\/wp\/v2\/comments?post=45"}],"wp:featuredmedia":[{"embeddable":true,"href":"https:\/\/ime.landtechnik.info\/brotbackofen\/wp-json\/wp\/v2\/media\/6061"}],"wp:attachment":[{"href":"https:\/\/ime.landtechnik.info\/brotbackofen\/wp-json\/wp\/v2\/media?parent=45"}],"wp:term":[{"taxonomy":"product_brand","embeddable":true,"href":"https:\/\/ime.landtechnik.info\/brotbackofen\/wp-json\/wp\/v2\/product_brand?post=45"},{"taxonomy":"product_cat","embeddable":true,"href":"https:\/\/ime.landtechnik.info\/brotbackofen\/wp-json\/wp\/v2\/product_cat?post=45"},{"taxonomy":"product_tag","embeddable":true,"href":"https:\/\/ime.landtechnik.info\/brotbackofen\/wp-json\/wp\/v2\/product_tag?post=45"}],"curies":[{"name":"wp","href":"https:\/\/api.w.org\/{rel}","templated":true}]}}