{"id":28,"date":"2026-01-07T11:03:58","date_gmt":"2026-01-07T10:03:58","guid":{"rendered":"https:\/\/ime.landtechnik.info\/brotbackofen\/?post_type=product&#038;p=28"},"modified":"2026-04-13T11:03:55","modified_gmt":"2026-04-13T09:03:55","slug":"ime-brotbackofen-vario-4","status":"publish","type":"product","link":"https:\/\/ime.landtechnik.info\/brotbackofen\/produkt\/ime-brotbackofen-vario-4\/","title":{"rendered":"IME Brotbackofen Vario 4"},"content":{"rendered":"<p>Ein vollwertiger Brotbackofen mit Speicherw\u00e4rme, zum Backen, Braten und allen Funktionen, wie Sie es von einem IME gewohnt sind.\u00a0Zus\u00e4tzlich hat der INO 2000 VARIO einen bei Bedarf zuschaltbaren leichten Umluftventilator eingebaut, der es erm\u00f6glicht mehrere Backbleche gleichzeitig einzuschie\u00dfen. Mit dieser Ventilation kann man auch den Ofen wunderbar entfeuchten, z.B. beim Obstd\u00f6rren.<br \/>\nF\u00fcr Backwaren, Fleisch, zum D\u00f6rren von Obst und zum Braten das ideale Ger\u00e4t!<\/p>\n<ul>\n<li>Vollschamottierung mit integrierter IME Heiztechnik<\/li>\n<li>Vernat Isolierung<\/li>\n<li>3-fache T\u00fcrverglasung<\/li>\n<li>Backbleche einschiebbar<\/li>\n<li>zuschaltbarer Hitzeverteiler<\/li>\n<li>Temperatur bis 300\u00b0 C<\/li>\n<\/ul>\n","protected":false},"excerpt":{"rendered":"<p><b>VARIO &#8211; der IME Brotbackofen der jetzt alles kann!<\/b><\/p>\n","protected":false},"featured_media":111,"comment_status":"closed","ping_status":"closed","template":"","meta":[],"product_brand":[],"product_cat":[71,72],"product_tag":[],"class_list":{"0":"post-28","1":"product","2":"type-product","3":"status-publish","4":"has-post-thumbnail","6":"product_cat-ime-brotbackoefen","7":"product_cat-vario","9":"first","10":"instock","11":"taxable","12":"shipping-taxable","13":"purchasable","14":"product-type-simple"},"_links":{"self":[{"href":"https:\/\/ime.landtechnik.info\/brotbackofen\/wp-json\/wp\/v2\/product\/28","targetHints":{"allow":["GET"]}}],"collection":[{"href":"https:\/\/ime.landtechnik.info\/brotbackofen\/wp-json\/wp\/v2\/product"}],"about":[{"href":"https:\/\/ime.landtechnik.info\/brotbackofen\/wp-json\/wp\/v2\/types\/product"}],"replies":[{"embeddable":true,"href":"https:\/\/ime.landtechnik.info\/brotbackofen\/wp-json\/wp\/v2\/comments?post=28"}],"wp:featuredmedia":[{"embeddable":true,"href":"https:\/\/ime.landtechnik.info\/brotbackofen\/wp-json\/wp\/v2\/media\/111"}],"wp:attachment":[{"href":"https:\/\/ime.landtechnik.info\/brotbackofen\/wp-json\/wp\/v2\/media?parent=28"}],"wp:term":[{"taxonomy":"product_brand","embeddable":true,"href":"https:\/\/ime.landtechnik.info\/brotbackofen\/wp-json\/wp\/v2\/product_brand?post=28"},{"taxonomy":"product_cat","embeddable":true,"href":"https:\/\/ime.landtechnik.info\/brotbackofen\/wp-json\/wp\/v2\/product_cat?post=28"},{"taxonomy":"product_tag","embeddable":true,"href":"https:\/\/ime.landtechnik.info\/brotbackofen\/wp-json\/wp\/v2\/product_tag?post=28"}],"curies":[{"name":"wp","href":"https:\/\/api.w.org\/{rel}","templated":true}]}}