{"id":26,"date":"2026-01-07T11:03:58","date_gmt":"2026-01-07T10:03:58","guid":{"rendered":"https:\/\/ime.landtechnik.info\/brotbackofen\/?post_type=product&#038;p=26"},"modified":"2026-04-13T11:10:53","modified_gmt":"2026-04-13T09:10:53","slug":"ime-brotbackofen-ino-2000-4","status":"publish","type":"product","link":"https:\/\/ime.landtechnik.info\/brotbackofen\/produkt\/ime-brotbackofen-ino-2000-4\/","title":{"rendered":"IME Brotbackofen INO 2000\/4"},"content":{"rendered":"<p>Mit Backfl\u00e4che 70 x 70 cm oder 4 gro\u00dfen Laiben (\u00e1 3,5 kg) geh\u00f6rt er den wichtigsten Nahrungsherstellern in einer gr\u00f6\u00dferen Familie. Genug Brot, um auch noch die Nachbarn oder enge Verwandte mitzuversorgen.<\/p>\n<p>Mit der Ersparnis durch das Selberbacken amortisiert sich die Anschaffung schon bald. Pro Backvorgang bis zu 14 kg Brot (= 28 kg bei zweimaligem Einschie\u00dfen).<\/p>\n<p>Der Backraum ist vollst\u00e4ndig mit\u00a0<b>hochwertiger Schamotte<\/b>\u00a0ausgekleidet und verf\u00fcgt \u00fcber\u00a0eine\u00a0<b>Innenbeleuchtung<\/b>. Die\u00a0<b>3-fach Thermoverglasung<\/b>\u00a0und das Geh\u00e4use aus hochwertigem Email und Edelstahl garantieren Langlebigkeit und beste Energieausnutzung.<\/p>\n<ul>\n<li>Vollschamottierung mit\u00a0integrierter IME Heiztechnik<\/li>\n<li>Vernat Isolierung<\/li>\n<li>3-fache T\u00fcrverglasung<\/li>\n<li>Backbleche einschiebbar<\/li>\n<li>zuschaltbarer Hitzeverteiler<\/li>\n<li>Temperatur bis 300\u00b0 C<\/li>\n<\/ul>\n","protected":false},"excerpt":{"rendered":"<p>Das Familienmitglied<\/p>\n","protected":false},"featured_media":112,"comment_status":"closed","ping_status":"closed","template":"","meta":[],"product_brand":[],"product_cat":[71,73],"product_tag":[],"class_list":{"0":"post-26","1":"product","2":"type-product","3":"status-publish","4":"has-post-thumbnail","6":"product_cat-ime-brotbackoefen","7":"product_cat-ino-2000","9":"first","10":"instock","11":"taxable","12":"shipping-taxable","13":"purchasable","14":"product-type-simple"},"_links":{"self":[{"href":"https:\/\/ime.landtechnik.info\/brotbackofen\/wp-json\/wp\/v2\/product\/26","targetHints":{"allow":["GET"]}}],"collection":[{"href":"https:\/\/ime.landtechnik.info\/brotbackofen\/wp-json\/wp\/v2\/product"}],"about":[{"href":"https:\/\/ime.landtechnik.info\/brotbackofen\/wp-json\/wp\/v2\/types\/product"}],"replies":[{"embeddable":true,"href":"https:\/\/ime.landtechnik.info\/brotbackofen\/wp-json\/wp\/v2\/comments?post=26"}],"wp:featuredmedia":[{"embeddable":true,"href":"https:\/\/ime.landtechnik.info\/brotbackofen\/wp-json\/wp\/v2\/media\/112"}],"wp:attachment":[{"href":"https:\/\/ime.landtechnik.info\/brotbackofen\/wp-json\/wp\/v2\/media?parent=26"}],"wp:term":[{"taxonomy":"product_brand","embeddable":true,"href":"https:\/\/ime.landtechnik.info\/brotbackofen\/wp-json\/wp\/v2\/product_brand?post=26"},{"taxonomy":"product_cat","embeddable":true,"href":"https:\/\/ime.landtechnik.info\/brotbackofen\/wp-json\/wp\/v2\/product_cat?post=26"},{"taxonomy":"product_tag","embeddable":true,"href":"https:\/\/ime.landtechnik.info\/brotbackofen\/wp-json\/wp\/v2\/product_tag?post=26"}],"curies":[{"name":"wp","href":"https:\/\/api.w.org\/{rel}","templated":true}]}}