{"id":25,"date":"2026-01-07T11:03:58","date_gmt":"2026-01-07T10:03:58","guid":{"rendered":"https:\/\/ime.landtechnik.info\/brotbackofen\/?post_type=product&#038;p=25"},"modified":"2026-01-07T11:04:07","modified_gmt":"2026-01-07T10:04:07","slug":"besen-zum-auskehren-des-ofens-mit-schaber","status":"publish","type":"product","link":"https:\/\/ime.landtechnik.info\/brotbackofen\/produkt\/besen-zum-auskehren-des-ofens-mit-schaber\/","title":{"rendered":"Besen zum Auskehren des Ofens mit Schaber"},"content":{"rendered":"<p>Reinigungsbesen zum Auskehren Ihres Ofens. Festgebrannte R\u00fcckst\u00e4nde k\u00f6nnen einfach mit dem aufgesetzten Schaber gel\u00f6st werden. Ofen einfach von hinten nach vorne auskehren. Mit Edelstahlstiel und hitzebest\u00e4ndigen Naturborsten. Der Stiel kann einfach gek\u00fcrzt werden.<\/p>\n","protected":false},"excerpt":{"rendered":"<p>Reinigungsbesen zum Auskehren Ihres Ofens. Festgebrannte R\u00fcckst\u00e4nde k\u00f6nnen einfach mit dem aufgesetzten Schaber gel\u00f6st werden. Ofen einfach von hinten nach vorne auskehren. Mit Edelstahlstiel und hitzebest\u00e4ndigen Naturborsten. Der Stiel kann einfach gek\u00fcrzt werden.<\/p>\n","protected":false},"featured_media":93,"comment_status":"closed","ping_status":"closed","template":"","meta":[],"product_brand":[],"product_cat":[36,35],"product_tag":[37],"class_list":{"0":"post-25","1":"product","2":"type-product","3":"status-publish","4":"has-post-thumbnail","6":"product_cat-schaufeln-besen","7":"product_cat-zubehoer","8":"product_tag-zubehoer","10":"first","11":"instock","12":"taxable","13":"shipping-taxable","14":"purchasable","15":"product-type-simple"},"_links":{"self":[{"href":"https:\/\/ime.landtechnik.info\/brotbackofen\/wp-json\/wp\/v2\/product\/25","targetHints":{"allow":["GET"]}}],"collection":[{"href":"https:\/\/ime.landtechnik.info\/brotbackofen\/wp-json\/wp\/v2\/product"}],"about":[{"href":"https:\/\/ime.landtechnik.info\/brotbackofen\/wp-json\/wp\/v2\/types\/product"}],"replies":[{"embeddable":true,"href":"https:\/\/ime.landtechnik.info\/brotbackofen\/wp-json\/wp\/v2\/comments?post=25"}],"wp:featuredmedia":[{"embeddable":true,"href":"https:\/\/ime.landtechnik.info\/brotbackofen\/wp-json\/wp\/v2\/media\/93"}],"wp:attachment":[{"href":"https:\/\/ime.landtechnik.info\/brotbackofen\/wp-json\/wp\/v2\/media?parent=25"}],"wp:term":[{"taxonomy":"product_brand","embeddable":true,"href":"https:\/\/ime.landtechnik.info\/brotbackofen\/wp-json\/wp\/v2\/product_brand?post=25"},{"taxonomy":"product_cat","embeddable":true,"href":"https:\/\/ime.landtechnik.info\/brotbackofen\/wp-json\/wp\/v2\/product_cat?post=25"},{"taxonomy":"product_tag","embeddable":true,"href":"https:\/\/ime.landtechnik.info\/brotbackofen\/wp-json\/wp\/v2\/product_tag?post=25"}],"curies":[{"name":"wp","href":"https:\/\/api.w.org\/{rel}","templated":true}]}}