{"id":168,"date":"2026-01-07T11:05:40","date_gmt":"2026-01-07T10:05:40","guid":{"rendered":"https:\/\/ime.landtechnik.info\/brotbackofen\/?post_type=product&#038;p=168"},"modified":"2026-01-07T11:05:58","modified_gmt":"2026-01-07T10:05:58","slug":"durchreichearbeitsschrank-160x70-cm","status":"publish","type":"product","link":"https:\/\/ime.landtechnik.info\/brotbackofen\/produkt\/durchreichearbeitsschrank-160x70-cm\/","title":{"rendered":"Durchreichearbeitsschrank 160&#215;70 cm"},"content":{"rendered":"<p><span style=\"display: inline !important; float: none; background-color: #ffffff; color: #333333; cursor: text; font-family: Georgia,'Times New Roman','Bitstream Charter',Times,serif; font-size: 16px; font-style: normal; font-variant: normal; font-weight: 400; letter-spacing: normal; orphans: 2; text-align: left; text-decoration: none; text-indent: 0px; text-transform: none; -webkit-text-stroke-width: 0px; white-space: normal; word-spacing: 0px;\">F\u00fcr weitere Gr\u00f6\u00dfen und Ausf\u00fchrungen informieren Sie sich unter www.ime.at<\/span><\/p>\n","protected":false},"excerpt":{"rendered":"<p><span style=\"display: inline !important; float: none; background-color: #ffffff; color: #333333; cursor: text; font-family: Georgia,'Times New Roman','Bitstream Charter',Times,serif; font-size: 16px; font-style: normal; font-variant: normal; font-weight: 400; letter-spacing: normal; orphans: 2; text-align: left; text-decoration: none; text-indent: 0px; text-transform: none; -webkit-text-stroke-width: 0px; white-space: normal; word-spacing: 0px;\">mit Schiebet\u00fcren und h\u00f6henverstellbare F\u00fc\u00dfe, beidseitig bedienbar<\/span><\/p>\n","protected":false},"featured_media":184,"comment_status":"closed","ping_status":"closed","template":"","meta":[],"product_brand":[],"product_cat":[102,99],"product_tag":[],"class_list":{"0":"post-168","1":"product","2":"type-product","3":"status-publish","4":"has-post-thumbnail","6":"product_cat-arbeitsschraenke-beidseitig","7":"product_cat-edelstahlmoebel","9":"first","10":"instock","11":"taxable","12":"shipping-taxable","13":"purchasable","14":"product-type-simple"},"_links":{"self":[{"href":"https:\/\/ime.landtechnik.info\/brotbackofen\/wp-json\/wp\/v2\/product\/168","targetHints":{"allow":["GET"]}}],"collection":[{"href":"https:\/\/ime.landtechnik.info\/brotbackofen\/wp-json\/wp\/v2\/product"}],"about":[{"href":"https:\/\/ime.landtechnik.info\/brotbackofen\/wp-json\/wp\/v2\/types\/product"}],"replies":[{"embeddable":true,"href":"https:\/\/ime.landtechnik.info\/brotbackofen\/wp-json\/wp\/v2\/comments?post=168"}],"wp:featuredmedia":[{"embeddable":true,"href":"https:\/\/ime.landtechnik.info\/brotbackofen\/wp-json\/wp\/v2\/media\/184"}],"wp:attachment":[{"href":"https:\/\/ime.landtechnik.info\/brotbackofen\/wp-json\/wp\/v2\/media?parent=168"}],"wp:term":[{"taxonomy":"product_brand","embeddable":true,"href":"https:\/\/ime.landtechnik.info\/brotbackofen\/wp-json\/wp\/v2\/product_brand?post=168"},{"taxonomy":"product_cat","embeddable":true,"href":"https:\/\/ime.landtechnik.info\/brotbackofen\/wp-json\/wp\/v2\/product_cat?post=168"},{"taxonomy":"product_tag","embeddable":true,"href":"https:\/\/ime.landtechnik.info\/brotbackofen\/wp-json\/wp\/v2\/product_tag?post=168"}],"curies":[{"name":"wp","href":"https:\/\/api.w.org\/{rel}","templated":true}]}}