{"id":166,"date":"2026-01-07T11:05:40","date_gmt":"2026-01-07T10:05:40","guid":{"rendered":"https:\/\/ime.landtechnik.info\/brotbackofen\/?post_type=product&#038;p=166"},"modified":"2026-01-07T11:05:58","modified_gmt":"2026-01-07T10:05:58","slug":"durchreichearbeitsschrank-120x70-cm","status":"publish","type":"product","link":"https:\/\/ime.landtechnik.info\/brotbackofen\/produkt\/durchreichearbeitsschrank-120x70-cm\/","title":{"rendered":"Durchreichearbeitsschrank 120&#215;70 cm"},"content":{"rendered":"<p>F\u00fcr weitere Gr\u00f6\u00dfen und Ausf\u00fchrungen informieren Sie sich unter www.ime.at<\/p>\n","protected":false},"excerpt":{"rendered":"<p>mit Schiebet\u00fcren und h\u00f6henverstellbare F\u00fc\u00dfe, beidseitig bedienbar<\/p>\n","protected":false},"featured_media":184,"comment_status":"closed","ping_status":"closed","template":"","meta":[],"product_brand":[],"product_cat":[102,99],"product_tag":[],"class_list":{"0":"post-166","1":"product","2":"type-product","3":"status-publish","4":"has-post-thumbnail","6":"product_cat-arbeitsschraenke-beidseitig","7":"product_cat-edelstahlmoebel","9":"first","10":"instock","11":"taxable","12":"shipping-taxable","13":"purchasable","14":"product-type-simple"},"_links":{"self":[{"href":"https:\/\/ime.landtechnik.info\/brotbackofen\/wp-json\/wp\/v2\/product\/166","targetHints":{"allow":["GET"]}}],"collection":[{"href":"https:\/\/ime.landtechnik.info\/brotbackofen\/wp-json\/wp\/v2\/product"}],"about":[{"href":"https:\/\/ime.landtechnik.info\/brotbackofen\/wp-json\/wp\/v2\/types\/product"}],"replies":[{"embeddable":true,"href":"https:\/\/ime.landtechnik.info\/brotbackofen\/wp-json\/wp\/v2\/comments?post=166"}],"wp:featuredmedia":[{"embeddable":true,"href":"https:\/\/ime.landtechnik.info\/brotbackofen\/wp-json\/wp\/v2\/media\/184"}],"wp:attachment":[{"href":"https:\/\/ime.landtechnik.info\/brotbackofen\/wp-json\/wp\/v2\/media?parent=166"}],"wp:term":[{"taxonomy":"product_brand","embeddable":true,"href":"https:\/\/ime.landtechnik.info\/brotbackofen\/wp-json\/wp\/v2\/product_brand?post=166"},{"taxonomy":"product_cat","embeddable":true,"href":"https:\/\/ime.landtechnik.info\/brotbackofen\/wp-json\/wp\/v2\/product_cat?post=166"},{"taxonomy":"product_tag","embeddable":true,"href":"https:\/\/ime.landtechnik.info\/brotbackofen\/wp-json\/wp\/v2\/product_tag?post=166"}],"curies":[{"name":"wp","href":"https:\/\/api.w.org\/{rel}","templated":true}]}}