{"id":3333,"date":"2019-12-04T17:01:22","date_gmt":"2019-12-04T16:01:22","guid":{"rendered":"http:\/\/ime.indesign.at\/?page_id=3333"},"modified":"2019-12-04T17:01:22","modified_gmt":"2019-12-04T16:01:22","slug":"heiztechnik","status":"publish","type":"page","link":"https:\/\/ime.landtechnik.info\/brotbackofen\/heiztechnik\/","title":{"rendered":"Heiztechnik"},"content":{"rendered":"\n\n<style type=\"text\/css\" data-created_by=\"avia_inline_auto\" id=\"style-css-av-64jvwl-cb121068f1ac207ffdbc7f0921cbc655\">\n#top .av-special-heading.av-64jvwl-cb121068f1ac207ffdbc7f0921cbc655{\npadding-bottom:10px;\n}\nbody .av-special-heading.av-64jvwl-cb121068f1ac207ffdbc7f0921cbc655 .av-special-heading-tag .heading-char{\nfont-size:25px;\n}\n.av-special-heading.av-64jvwl-cb121068f1ac207ffdbc7f0921cbc655 .av-subheading{\nfont-size:15px;\n}\n<\/style>\n<div  class='av-special-heading av-64jvwl-cb121068f1ac207ffdbc7f0921cbc655 av-special-heading-h1 blockquote modern-quote modern-centered  avia-builder-el-1  el_after_av_codeblock  el_before_av_hr  av-linked-heading'><h1 class='av-special-heading-tag '  itemprop=\"headline\"  >Die bew\u00e4hrte Heiztechnik<\/h1><div class='av-subheading av-subheading_below'><p>Das Geheimnis der IME Schamotte-Heizplatten mit bis zu 25 Jahren Garantie<\/p>\n<\/div><div class=\"special-heading-border\"><div class=\"special-heading-inner-border\"><\/div><\/div><\/div>\n<div  class='hr av-dr32np-c1ee8d71030ee74561e017b3ec893051 hr-default  avia-builder-el-2  el_after_av_heading  el_before_av_one_third '><span class='hr-inner '><span class=\"hr-inner-style\"><\/span><\/span><\/div>\n\n<style type=\"text\/css\" data-created_by=\"avia_inline_auto\" id=\"style-css-av-c6yyw5-e80df75376a5a9284aa992972c50a31c\">\n.flex_column.av-c6yyw5-e80df75376a5a9284aa992972c50a31c{\nborder-radius:0px 0px 0px 0px;\npadding:0px 0px 0px 0px;\n}\n<\/style>\n<div  class='flex_column av-c6yyw5-e80df75376a5a9284aa992972c50a31c av_one_third  avia-builder-el-3  el_after_av_hr  el_before_av_two_third  first flex_column_div av-zero-column-padding  '     ><p>\n<style type=\"text\/css\" data-created_by=\"avia_inline_auto\" id=\"style-css-av-k66c7767-7d4e12b763a859df63b3c0e6487ae98f\">\n.avia-image-container.av-k66c7767-7d4e12b763a859df63b3c0e6487ae98f img.avia_image{\nbox-shadow:none;\n}\n.avia-image-container.av-k66c7767-7d4e12b763a859df63b3c0e6487ae98f .av-image-caption-overlay-center{\ncolor:#ffffff;\n}\n<\/style>\n<div  class='avia-image-container av-k66c7767-7d4e12b763a859df63b3c0e6487ae98f av-styling- avia-align-center  avia-builder-el-4  el_before_av_heading  avia-builder-el-first '   itemprop=\"image\" itemscope=\"itemscope\" itemtype=\"https:\/\/schema.org\/ImageObject\" ><div class=\"avia-image-container-inner\"><div class=\"avia-image-overlay-wrap\"><img decoding=\"async\" fetchpriority=\"high\" class='wp-image-3645 avia-img-lazy-loading-not-3645 avia_image ' src=\"https:\/\/ime.landtechnik.info\/brotbackofen\/wp-content\/uploads\/sites\/2\/2020\/02\/ime_heiztechnik_kombi.jpg\" alt='' title='ime_heiztechnik_kombi'  height=\"433\" width=\"501\"  itemprop=\"thumbnailUrl\" srcset=\"https:\/\/ime.landtechnik.info\/brotbackofen\/wp-content\/uploads\/sites\/2\/2020\/02\/ime_heiztechnik_kombi.jpg 501w, https:\/\/ime.landtechnik.info\/brotbackofen\/wp-content\/uploads\/sites\/2\/2020\/02\/ime_heiztechnik_kombi-300x259.jpg 300w, https:\/\/ime.landtechnik.info\/brotbackofen\/wp-content\/uploads\/sites\/2\/2020\/02\/ime_heiztechnik_kombi-450x389.jpg 450w\" sizes=\"(max-width: 501px) 100vw, 501px\" \/><\/div><\/div><\/div><br \/>\n\n<style type=\"text\/css\" data-created_by=\"avia_inline_auto\" id=\"style-css-av-4lc59h-f9348f92c6c2f93a0a3ae9b173f0acff\">\n#top .av-special-heading.av-4lc59h-f9348f92c6c2f93a0a3ae9b173f0acff{\npadding-bottom:10px;\n}\nbody .av-special-heading.av-4lc59h-f9348f92c6c2f93a0a3ae9b173f0acff .av-special-heading-tag .heading-char{\nfont-size:25px;\n}\n.av-special-heading.av-4lc59h-f9348f92c6c2f93a0a3ae9b173f0acff .av-subheading{\nfont-size:15px;\n}\n<\/style>\n<div  class='av-special-heading av-4lc59h-f9348f92c6c2f93a0a3ae9b173f0acff av-special-heading-h3 blockquote modern-quote  avia-builder-el-5  el_after_av_image  el_before_av_iconlist  av-linked-heading'><h3 class='av-special-heading-tag '  itemprop=\"headline\"  >Die Vorteile der IME Heiztechnik auf einem Blick<\/h3><div class=\"special-heading-border\"><div class=\"special-heading-inner-border\"><\/div><\/div><\/div><br \/>\n\n<style type=\"text\/css\" data-created_by=\"avia_inline_auto\" id=\"style-css-av-k66cl4jd-c11c2fec3fd8bc6637cec60e1ab0d426\">\n#top .avia-icon-list-container.av-k66cl4jd-c11c2fec3fd8bc6637cec60e1ab0d426 .iconlist_icon{\ncolor:#b02b2c;\n}\n#top .avia-icon-list-container.av-k66cl4jd-c11c2fec3fd8bc6637cec60e1ab0d426 .iconlist_icon svg:first-child{\nstroke:#b02b2c;\nfill:#b02b2c;\n}\n<\/style>\n<div  class='avia-icon-list-container av-k66cl4jd-c11c2fec3fd8bc6637cec60e1ab0d426  avia-builder-el-6  el_after_av_heading  avia-builder-el-last '><ul class='avia-icon-list avia_animate_when_almost_visible avia-icon-list-left av-iconlist-small av-k66cl4jd-c11c2fec3fd8bc6637cec60e1ab0d426 avia-iconlist-animate'>\n<li><div class='iconlist_icon av-bfkdx1-3b146073c71f2961f1026da9c4b89c03 avia-font-entypo-fontello avia-iconfont avia-font-entypo-fontello'><span class='av-icon-char' data-av_icon='\ue812' data-av_iconfont='entypo-fontello' aria-hidden=\"true\"><\/span><\/div><article class=\"article-icon-entry av-iconlist-empty\"  itemscope=\"itemscope\" itemtype=\"https:\/\/schema.org\/CreativeWork\" ><div class=\"iconlist_content_wrap\"><header class=\"entry-content-header\" aria-label=\"Icon: Absolut gleichm\u00e4\u00dfige W\u00e4rmeverteilung\"><div class='av_iconlist_title iconlist_title_small  '  itemprop=\"headline\" >Absolut gleichm\u00e4\u00dfige W\u00e4rmeverteilung<\/div><\/header><div class='iconlist_content '  itemprop=\"text\" ><\/div><\/div><footer class=\"entry-footer\"><\/footer><\/article><div class=\"iconlist-timeline\"><\/div><\/li>\n<li><div class='iconlist_icon av-8se8v9-8840a98389da646d25a024911641b3db avia-font-entypo-fontello avia-iconfont avia-font-entypo-fontello'><span class='av-icon-char' data-av_icon='\ue812' data-av_iconfont='entypo-fontello' aria-hidden=\"true\"><\/span><\/div><article class=\"article-icon-entry av-iconlist-empty\"  itemscope=\"itemscope\" itemtype=\"https:\/\/schema.org\/CreativeWork\" ><div class=\"iconlist_content_wrap\"><header class=\"entry-content-header\" aria-label=\"Icon: Energieeinsparung\"><div class='av_iconlist_title iconlist_title_small  '  itemprop=\"headline\" >Energieeinsparung<\/div><\/header><div class='iconlist_content '  itemprop=\"text\" ><\/div><\/div><footer class=\"entry-footer\"><\/footer><\/article><div class=\"iconlist-timeline\"><\/div><\/li>\n<li><div class='iconlist_icon av-7fehhx-440c5807c0ef17fd4704e0d02c186508 avia-font-entypo-fontello avia-iconfont avia-font-entypo-fontello'><span class='av-icon-char' data-av_icon='\ue812' data-av_iconfont='entypo-fontello' aria-hidden=\"true\"><\/span><\/div><article class=\"article-icon-entry av-iconlist-empty\"  itemscope=\"itemscope\" itemtype=\"https:\/\/schema.org\/CreativeWork\" ><div class=\"iconlist_content_wrap\"><header class=\"entry-content-header\" aria-label=\"Icon: leichte Tauschbarkeit\"><div class='av_iconlist_title iconlist_title_small  '  itemprop=\"headline\" >leichte Tauschbarkeit<\/div><\/header><div class='iconlist_content '  itemprop=\"text\" ><\/div><\/div><footer class=\"entry-footer\"><\/footer><\/article><div class=\"iconlist-timeline\"><\/div><\/li>\n<li><div class='iconlist_icon av-30toit-0912b4fb2ed124bdd82b4c9184b79df3 avia-font-entypo-fontello avia-iconfont avia-font-entypo-fontello'><span class='av-icon-char' data-av_icon='\ue812' data-av_iconfont='entypo-fontello' aria-hidden=\"true\"><\/span><\/div><article class=\"article-icon-entry av-iconlist-empty\"  itemscope=\"itemscope\" itemtype=\"https:\/\/schema.org\/CreativeWork\" ><div class=\"iconlist_content_wrap\"><header class=\"entry-content-header\" aria-label=\"Icon: fast unbegrenzte Lebensdauer\"><div class='av_iconlist_title iconlist_title_small  '  itemprop=\"headline\" >fast unbegrenzte Lebensdauer<\/div><\/header><div class='iconlist_content '  itemprop=\"text\" ><\/div><\/div><footer class=\"entry-footer\"><\/footer><\/article><div class=\"iconlist-timeline\"><\/div><\/li>\n<\/ul><\/div><\/p><\/div>\n\n<style type=\"text\/css\" data-created_by=\"avia_inline_auto\" id=\"style-css-av-4dnfud-1292d9cda0d44f44dc29d56e8efaa3e7\">\n.flex_column.av-4dnfud-1292d9cda0d44f44dc29d56e8efaa3e7{\nborder-radius:0px 0px 0px 0px;\npadding:0px 0px 0px 0px;\n}\n<\/style>\n<div  class='flex_column av-4dnfud-1292d9cda0d44f44dc29d56e8efaa3e7 av_two_third  avia-builder-el-7  el_after_av_one_third  el_before_av_hr  flex_column_div av-zero-column-padding  '     ><p><section  class='av_textblock_section av-k66chcza-64a97037529d6b2ea78d5c472c8289a3 '   itemscope=\"itemscope\" itemtype=\"https:\/\/schema.org\/CreativeWork\" ><div class='avia_textblock'  itemprop=\"text\" ><p><strong>IME forschte jahrelang an einer M\u00f6glichkeit Schamotteplatten mit integrierten Heizelementen zu entwickeln.<\/strong><\/p>\n<p><span>Au\u00dferdem sollte die Idee verwirklicht werden den ganzen Innenraum mit Schamotte auszukleiden. Nach langen Versuchsreihen wurde schlie\u00dflich die revolution\u00e4re IME Heizplatte erfunden.<\/p>\n<p>Mehr als 7 Laufmeter Heizwendel (Spiralen) werden in einer Platte eingebaut. Die Platten werden \u00fcbrigens aus 100% Naturmaterialien hergestellt. Vor allem Ton, verschiedene Silikate und andere wertvolle Mineralien werden dabei verwendet.<\/p>\n<p>Das genaue Rezept ist nat\u00fcrlich geheim. Aber einige Tricks werden schon verraten. Zum Beispiel mikroskopisch kleine S\u00e4gesp\u00e4ne werden beigemischt. Wenn diese dann im Brennofen bei rund 2500\u00b0C restlos verbrennen entstehen winzige unsichtbare Poren die die einzigartige W\u00e4rme\u00fcbertragung und das enorme Speicherverm\u00f6gen der IME Schamotte Heizplatten ausmachen.<br \/>\n<\/span><\/p>\n<p><span>Auch das unerreichte Backklima wird dadurch erst m\u00f6glich, da die anfangs \u00fcbersch\u00fcssige Feuchtigkeit im Stein gespeichert und sp\u00e4ter wieder abgegeben wird bevor es im Innenraum zu trocken wird.<br \/>\n<\/span><\/p>\n<p><span>Das Einzigartige an diesen Platten ist aber die absolute Gleichm\u00e4\u00dfigkeit der W\u00e4rme\u00fcbertragung und die Energieeinsparung, die durch die wesentlich geringere Oberfl\u00e4chenbelastung der Heizelemente und das gro\u00dfe W\u00e4rmespeicherverm\u00f6gen der Platten gew\u00e4hrleistet wird.<\/span><\/p>\n<\/div><\/section><br \/>\n<div  class='hr av-2n250l-eb68ecf53c3f1d1faa2a111a6ad49485 hr-default  avia-builder-el-9  el_after_av_textblock  el_before_av_textblock '><span class='hr-inner '><span class=\"hr-inner-style\"><\/span><\/span><\/div><br \/>\n<section  class='av_textblock_section av-k66coerb-9c03397d984ef0debbed2de234404370 '   itemscope=\"itemscope\" itemtype=\"https:\/\/schema.org\/CreativeWork\" ><div class='avia_textblock'  itemprop=\"text\" ><p><strong>Bis 25 Jahre Garantie<\/strong><br \/>\nals Leistungsbeweis!<\/p>\n<p><strong>Energiesparend<\/strong><br \/>\ndurch optimale W\u00e4rme\u00fcbertragung (100% Wirkungsgrad, keine \u00dcbertragungsverluste, reduzierte Oberfl\u00e4chenbelastung der Heizelemente)<\/p>\n<p><strong>Servicefreundlichkeit<\/strong><br \/>\nPlatte l\u00e4sst sich einfacher und billiger als herk\u00f6mmliche Systeme wechseln<\/p>\n<p><strong>Lebensdauer fast unbegrenzt<\/strong><br \/>\nda mechanische Besch\u00e4digungen der Heizelemente ausgeschlossen sind und die Oberfl\u00e4chenbelastung der Heizwendel wesentlich reduziert ist<\/p>\n<p><strong>W\u00e4rmeverteilung und W\u00e4rmespeicherung optimal<\/strong><br \/>\ndurch 7 lfm Heizwendel pro Platte und Vollschamottierung<\/p>\n<p><strong>Feuchtigkeitsregulierendes Backklima<\/strong><br \/>\ndurch den Vollsteinbackraum und die Por\u00f6sit\u00e4t der Platten wird einzigartiges Backklima gew\u00e4hrleistet.<\/p>\n<\/div><\/section><\/p><\/div>\n<style type=\"text\/css\" data-created_by=\"avia_inline_auto\" id=\"style-css-av-l9icu3tu-fbcf527f682d333b5d148482e7906e73\">\n#top .hr.hr-invisible.av-l9icu3tu-fbcf527f682d333b5d148482e7906e73{\nheight:50px;\n}\n<\/style>\n<div  class='hr av-l9icu3tu-fbcf527f682d333b5d148482e7906e73 hr-invisible  avia-builder-el-11  el_after_av_two_third  avia-builder-el-last '><span class='hr-inner '><span class=\"hr-inner-style\"><\/span><\/span><\/div><\/p>\n","protected":false},"excerpt":{"rendered":"","protected":false},"author":2,"featured_media":0,"parent":0,"menu_order":3,"comment_status":"closed","ping_status":"closed","template":"","meta":{"footnotes":""},"class_list":["post-3333","page","type-page","status-publish","hentry"],"_links":{"self":[{"href":"https:\/\/ime.landtechnik.info\/brotbackofen\/wp-json\/wp\/v2\/pages\/3333","targetHints":{"allow":["GET"]}}],"collection":[{"href":"https:\/\/ime.landtechnik.info\/brotbackofen\/wp-json\/wp\/v2\/pages"}],"about":[{"href":"https:\/\/ime.landtechnik.info\/brotbackofen\/wp-json\/wp\/v2\/types\/page"}],"author":[{"embeddable":true,"href":"https:\/\/ime.landtechnik.info\/brotbackofen\/wp-json\/wp\/v2\/users\/2"}],"replies":[{"embeddable":true,"href":"https:\/\/ime.landtechnik.info\/brotbackofen\/wp-json\/wp\/v2\/comments?post=3333"}],"version-history":[{"count":0,"href":"https:\/\/ime.landtechnik.info\/brotbackofen\/wp-json\/wp\/v2\/pages\/3333\/revisions"}],"wp:attachment":[{"href":"https:\/\/ime.landtechnik.info\/brotbackofen\/wp-json\/wp\/v2\/media?parent=3333"}],"curies":[{"name":"wp","href":"https:\/\/api.w.org\/{rel}","templated":true}]}}